{"id":54,"date":"2021-01-05T15:11:18","date_gmt":"2021-01-05T14:11:18","guid":{"rendered":"https:\/\/svenskaskolanikoeln.de\/?page_id=54"},"modified":"2021-01-05T16:26:31","modified_gmt":"2021-01-05T15:26:31","slug":"bli-medlem","status":"publish","type":"page","link":"https:\/\/svenskaskolanikoeln.de\/?page_id=54","title":{"rendered":"Anm\u00e4lan"},"content":{"rendered":"\n<h2 class=\"wp-block-heading\">Vem kan g\u00e5 i Svenska Skolan?<\/h2>\n\n\n\n<p>Svenska skolan erbjuder kompletterande undervisning i svenska spr\u00e5ket och svensk kultur f\u00f6r barn som har minst en f\u00f6r\u00e4lder med svenskt medborgarskap och f\u00f6r vilka svenskan \u00e4r ett levande spr\u00e5k i hemmet.<\/p>\n\n\n\n<p><\/p>\n\n\n\n<p><strong>All undervisning ges enbart p\u00e5 svenska.<\/strong>&nbsp;Vi bygger p\u00e5 och vidareutvecklar den svenska som barnen har med sig hemifr\u00e5n.<\/p>\n\n\n\n<p>Som elev i skolan f\u00e5r ditt barn m\u00f6jlighet att utveckla sitt svenska spr\u00e5k, l\u00e4ra sig mer om Sverige och ha roligt tillsammans med andra svensk\u00e4ttade barn. Medlemsfamiljerna f\u00e5r varje \u00e5r ta del av ett rikt utbud av svenska traditioner och aktiviteter i skolans regi.<\/p>\n\n\n\n<p>F\u00f6r att bli medlem kr\u00e4vs ett medlemsskap i Deutsch-Schwedische Gesellschaft (10\u20ac\/\u00e5r).<\/p>\n\n\n\n<p>Fyll i anm\u00e4lningsblanketten nedan och skicka till skolforeningen.koln@mail.de<\/p>\n\n\n\n<p>F\u00f6r barn med statsbidrag \u00e4r avgiften 70\u20ac f\u00f6r f\u00f6rsta barnet, 50\u20ac f\u00f6r det andra och 30\u20ac f\u00f6r det tredje.<\/p>\n\n\n\n<h2 class=\"wp-block-heading\"><\/h2>\n","protected":false},"excerpt":{"rendered":"<p>Vem kan g\u00e5 i Svenska Skolan? Svenska skolan erbjuder kompletterande undervisning i svenska spr\u00e5ket och svensk kultur f\u00f6r barn som<\/p>\n<p><a href=\"https:\/\/svenskaskolanikoeln.de\/?page_id=54\" class=\"more-link\">Continue reading<span class=\"screen-reader-text\">Anm\u00e4lan<\/span><\/a><\/p>\n","protected":false},"author":3,"featured_media":0,"parent":0,"menu_order":0,"comment_status":"closed","ping_status":"closed","template":"","meta":{"footnotes":""},"class_list":["post-54","page","type-page","status-publish","hentry"],"_links":{"self":[{"href":"https:\/\/svenskaskolanikoeln.de\/index.php?rest_route=\/wp\/v2\/pages\/54","targetHints":{"allow":["GET"]}}],"collection":[{"href":"https:\/\/svenskaskolanikoeln.de\/index.php?rest_route=\/wp\/v2\/pages"}],"about":[{"href":"https:\/\/svenskaskolanikoeln.de\/index.php?rest_route=\/wp\/v2\/types\/page"}],"author":[{"embeddable":true,"href":"https:\/\/svenskaskolanikoeln.de\/index.php?rest_route=\/wp\/v2\/users\/3"}],"replies":[{"embeddable":true,"href":"https:\/\/svenskaskolanikoeln.de\/index.php?rest_route=%2Fwp%2Fv2%2Fcomments&post=54"}],"version-history":[{"count":4,"href":"https:\/\/svenskaskolanikoeln.de\/index.php?rest_route=\/wp\/v2\/pages\/54\/revisions"}],"predecessor-version":[{"id":83,"href":"https:\/\/svenskaskolanikoeln.de\/index.php?rest_route=\/wp\/v2\/pages\/54\/revisions\/83"}],"wp:attachment":[{"href":"https:\/\/svenskaskolanikoeln.de\/index.php?rest_route=%2Fwp%2Fv2%2Fmedia&parent=54"}],"curies":[{"name":"wp","href":"https:\/\/api.w.org\/{rel}","templated":true}]}}