{"id":140,"date":"2026-04-22T11:56:39","date_gmt":"2026-04-22T09:56:39","guid":{"rendered":"https:\/\/svenskaskolanikoeln.de\/?page_id=140"},"modified":"2026-04-22T11:56:39","modified_gmt":"2026-04-22T09:56:39","slug":"impressum","status":"publish","type":"page","link":"https:\/\/svenskaskolanikoeln.de\/?page_id=140","title":{"rendered":"Impressum"},"content":{"rendered":"\n<p><strong>Deutsch-Schwedische Gesellschaft e.V. K\u00f6ln<\/strong><br><strong>Danziger Str. 15,<br>53332 Bornheim<\/strong><\/p>\n\n\n\n<p>Telefon: 01577 7687419 (auch SMS \/ WhatsApp)<br>E-Mail: vorstand(at)dsg-koeln.de<br>Internet: <a href=\"http:\/\/www.dsg-koeln.de\">www.dsg.koeln, www.dsg-koeln.de<\/a><\/p>\n\n\n\n<p><strong>Vertretungsberechtigter Vorstand<\/strong><\/p>\n\n\n\n<p>Dr. Christian B\u00f6hme<br>Jane Clarke<br><br><a href=\"mailto:vorstand@dsg-koeln.de\">vorstand(at)dsg-koeln.de<\/a><\/p>\n\n\n\n<p><strong>Schatzmeister:<\/strong><br>Nilofar Elhami<\/p>\n\n\n\n<p><strong>Schriftf\u00fchrer:<\/strong><br>Ulrica Persson Vogt<\/p>\n\n\n\n<p><strong>Beisitzer:<\/strong><br>Johanna Modin<\/p>\n\n\n\n<p>Registergericht: Amtsgericht K\u00f6ln. Registernummer: 43 VR 7100<\/p>\n\n\n\n<p>Steuernummer: 223\/5904\/0700<\/p>\n\n\n\n<p>Inhaltlich Verantwortlicher gem\u00e4\u00df \u00a7 55 Abs. 2 RStV: Dr. Christian B\u00f6hme<\/p>\n\n\n\n<p><strong>Webmaster:<\/strong> Dr. Christian B\u00f6hme vorstand<a href=\"mailto:webmaster@dsg-koeln.de\">(at)dsg-koeln.de<\/a><\/p>\n\n\n\n<p>Haftungshinweis: Trotz sorgf\u00e4ltiger inhaltlicher Kontrolle \u00fcbernehmen wir keine Haftung f\u00fcr die Inhalte externer Links. F\u00fcr den Inhalt der verlinkten Seiten sind ausschlie\u00dflich deren Betreiber verantwortlich.<\/p>\n","protected":false},"excerpt":{"rendered":"<p>Deutsch-Schwedische Gesellschaft e.V. K\u00f6lnDanziger Str. 15,53332 Bornheim Telefon: 01577 7687419 (auch SMS \/ WhatsApp)E-Mail: vorstand(at)dsg-koeln.deInternet: www.dsg.koeln, www.dsg-koeln.de Vertretungsberechtigter Vorstand Dr.<\/p>\n<p><a href=\"https:\/\/svenskaskolanikoeln.de\/?page_id=140\" class=\"more-link\">Continue reading<span class=\"screen-reader-text\">Impressum<\/span><\/a><\/p>\n","protected":false},"author":1,"featured_media":0,"parent":0,"menu_order":0,"comment_status":"closed","ping_status":"closed","template":"","meta":{"footnotes":""},"class_list":["post-140","page","type-page","status-publish","hentry"],"_links":{"self":[{"href":"https:\/\/svenskaskolanikoeln.de\/index.php?rest_route=\/wp\/v2\/pages\/140","targetHints":{"allow":["GET"]}}],"collection":[{"href":"https:\/\/svenskaskolanikoeln.de\/index.php?rest_route=\/wp\/v2\/pages"}],"about":[{"href":"https:\/\/svenskaskolanikoeln.de\/index.php?rest_route=\/wp\/v2\/types\/page"}],"author":[{"embeddable":true,"href":"https:\/\/svenskaskolanikoeln.de\/index.php?rest_route=\/wp\/v2\/users\/1"}],"replies":[{"embeddable":true,"href":"https:\/\/svenskaskolanikoeln.de\/index.php?rest_route=%2Fwp%2Fv2%2Fcomments&post=140"}],"version-history":[{"count":1,"href":"https:\/\/svenskaskolanikoeln.de\/index.php?rest_route=\/wp\/v2\/pages\/140\/revisions"}],"predecessor-version":[{"id":142,"href":"https:\/\/svenskaskolanikoeln.de\/index.php?rest_route=\/wp\/v2\/pages\/140\/revisions\/142"}],"wp:attachment":[{"href":"https:\/\/svenskaskolanikoeln.de\/index.php?rest_route=%2Fwp%2Fv2%2Fmedia&parent=140"}],"curies":[{"name":"wp","href":"https:\/\/api.w.org\/{rel}","templated":true}]}}